{"id":92,"date":"2021-02-03T20:07:00","date_gmt":"2021-02-03T19:07:00","guid":{"rendered":"http:\/\/bawdim.pl\/?page_id=92"},"modified":"2021-10-30T15:12:58","modified_gmt":"2021-10-30T13:12:58","slug":"aktywny-wypoczynek-w-bieszczadach","status":"publish","type":"page","link":"https:\/\/bawdim.pl\/?page_id=92","title":{"rendered":"O nas"},"content":{"rendered":"\n<h2 class=\"wp-block-heading\"><strong>O nas<\/strong><\/h2>\n\n\n\n<p>Nasza <strong>Agencja Turystyczno-Us\u0142ugowa Bawdim<\/strong> powsta\u0142a w 1990 roku. Jej misj\u0105 jest tworzenie <strong>nietuzinkowych imprez turystycznych, rekreacyjnych i edukacyjnych, przy kt\u00f3rych<\/strong> organizacji wyr\u00f3\u017cniamy si\u0119 ogromn\u0105 <strong>wyobra\u017ani\u0105 i inwencj\u0105 tw\u00f3rcz\u0105<\/strong>. Jeste\u015bmy pasjonatami g\u00f3r, kochamy <strong>Bieszczady i Beskid Niski<\/strong>, dlatego w\u0142a\u015bnie st\u0105d kierujemy ofert\u0119 do wszystkich g\u0142odnych <strong>wra\u017ce\u0144 i przyg\u00f3d<\/strong>.<\/p>\n\n\n\n<p>Przygotowujemy wypoczynek zar\u00f3wno dla os\u00f3b, kt\u00f3re nie mog\u0105 usiedzie\u0107 zbyt d\u0142ugo w jednym miejscu, jak i dla tych ceni\u0105cych cisz\u0119, spok\u00f3j i kontakt z natur\u0105.<\/p>\n\n\n\n<p>Agencja Turystyczno Us\u0142ugowa Bawdim dzia\u0142a na podstawie za\u015bwiadczenia nr 016\/04 wydanego przez Wojewod\u0119 Podkarpackiego i posiada gwarancj\u0119 ubezpieczeniow\u0105 o numerze 1227083650 zawart\u0105 z UNIQA Towarzystwo Ubezpiecze\u0144 S.A.. <\/p>\n\n\n\n<figure class=\"wp-block-image\"><img loading=\"lazy\" decoding=\"async\" width=\"640\" height=\"390\" src=\"http:\/\/bawdim.pl\/wp-content\/uploads\/2021\/10\/21368153_686143151_medium.webp\" alt=\"\" class=\"wp-image-34\" srcset=\"https:\/\/bawdim.pl\/wp-content\/uploads\/2021\/10\/21368153_686143151_medium.webp 640w, https:\/\/bawdim.pl\/wp-content\/uploads\/2021\/10\/21368153_686143151_medium-300x183.webp 300w\" sizes=\"auto, (max-width: 640px) 100vw, 640px\" \/><\/figure>\n\n\n\n<h3 class=\"has-text-align-center wp-block-heading\"><strong>Rzeczy niemo\u017cliwe realizujemy od razu, na cuda musisz poczeka\u0107 do jutra<br>to nasza dewiza<\/strong><\/h3>\n","protected":false},"excerpt":{"rendered":"<p>O nas Nasza Agencja Turystyczno-Us\u0142ugowa Bawdim powsta\u0142a w 1990 roku. Jej misj\u0105 jest tworzenie nietuzinkowych imprez turystycznych, rekreacyjnych i edukacyjnych, przy kt\u00f3rych organizacji wyr\u00f3\u017cniamy si\u0119 ogromn\u0105 wyobra\u017ani\u0105 i inwencj\u0105 tw\u00f3rcz\u0105. Jeste\u015bmy pasjonatami g\u00f3r, kochamy Bieszczady i Beskid Niski, dlatego w\u0142a\u015bnie st\u0105d kierujemy ofert\u0119 do wszystkich g\u0142odnych wra\u017ce\u0144 i przyg\u00f3d. Przygotowujemy wypoczynek zar\u00f3wno dla os\u00f3b, kt\u00f3re&hellip; <a class=\"more-link\" href=\"https:\/\/bawdim.pl\/?page_id=92\">Czytaj dalej <span class=\"screen-reader-text\">O nas<\/span><\/a><\/p>\n","protected":false},"author":1,"featured_media":0,"parent":0,"menu_order":0,"comment_status":"closed","ping_status":"closed","template":"","meta":{"footnotes":""},"class_list":["post-92","page","type-page","status-publish","hentry","entry"],"_links":{"self":[{"href":"https:\/\/bawdim.pl\/index.php?rest_route=\/wp\/v2\/pages\/92","targetHints":{"allow":["GET"]}}],"collection":[{"href":"https:\/\/bawdim.pl\/index.php?rest_route=\/wp\/v2\/pages"}],"about":[{"href":"https:\/\/bawdim.pl\/index.php?rest_route=\/wp\/v2\/types\/page"}],"author":[{"embeddable":true,"href":"https:\/\/bawdim.pl\/index.php?rest_route=\/wp\/v2\/users\/1"}],"replies":[{"embeddable":true,"href":"https:\/\/bawdim.pl\/index.php?rest_route=%2Fwp%2Fv2%2Fcomments&post=92"}],"version-history":[{"count":6,"href":"https:\/\/bawdim.pl\/index.php?rest_route=\/wp\/v2\/pages\/92\/revisions"}],"predecessor-version":[{"id":134,"href":"https:\/\/bawdim.pl\/index.php?rest_route=\/wp\/v2\/pages\/92\/revisions\/134"}],"wp:attachment":[{"href":"https:\/\/bawdim.pl\/index.php?rest_route=%2Fwp%2Fv2%2Fmedia&parent=92"}],"curies":[{"name":"wp","href":"https:\/\/api.w.org\/{rel}","templated":true}]}}